{"id":10120,"date":"2022-04-05T06:46:20","date_gmt":"2022-04-05T06:46:20","guid":{"rendered":"https:\/\/mnfplastik.com\/institutionell\/"},"modified":"2023-02-08T10:44:16","modified_gmt":"2023-02-08T10:44:16","slug":"institutionell","status":"publish","type":"page","link":"https:\/\/mnfplastik.com\/de\/institutionell\/","title":{"rendered":"Institutionell"},"content":{"rendered":"\t\t<div data-elementor-type=\"wp-page\" data-elementor-id=\"10120\" class=\"elementor elementor-10120 elementor-7349\">\n\t\t\t\t\t\t\t\t\t<section class=\"elementor-section elementor-top-section elementor-element elementor-element-5b33170 elementor-section-boxed elementor-section-height-default elementor-section-height-default\" data-id=\"5b33170\" data-element_type=\"section\">\n\t\t\t\t\t\t<div class=\"elementor-container elementor-column-gap-default\">\n\t\t\t\t\t<div class=\"elementor-column elementor-col-50 elementor-top-column elementor-element elementor-element-901c9c1\" data-id=\"901c9c1\" data-element_type=\"column\">\n\t\t\t<div class=\"elementor-widget-wrap elementor-element-populated\">\n\t\t\t\t\t\t\t\t<div class=\"elementor-element elementor-element-f8014b3 elementor-widget elementor-widget-heading\" data-id=\"f8014b3\" data-element_type=\"widget\" data-widget_type=\"heading.default\">\n\t\t\t\t<div class=\"elementor-widget-container\">\n\t\t\t<style>\/*! elementor - v3.11.3 - 07-03-2023 *\/\n.elementor-heading-title{padding:0;margin:0;line-height:1}.elementor-widget-heading .elementor-heading-title[class*=elementor-size-]>a{color:inherit;font-size:inherit;line-height:inherit}.elementor-widget-heading .elementor-heading-title.elementor-size-small{font-size:15px}.elementor-widget-heading .elementor-heading-title.elementor-size-medium{font-size:19px}.elementor-widget-heading .elementor-heading-title.elementor-size-large{font-size:29px}.elementor-widget-heading .elementor-heading-title.elementor-size-xl{font-size:39px}.elementor-widget-heading .elementor-heading-title.elementor-size-xxl{font-size:59px}<\/style><h2 class=\"elementor-heading-title elementor-size-default\">Uber uns<\/h2>\t\t<\/div>\n\t\t\t\t<\/div>\n\t\t\t\t<div class=\"elementor-element elementor-element-2a58ad8 elementor-widget elementor-widget-text-editor\" data-id=\"2a58ad8\" data-element_type=\"widget\" data-widget_type=\"text-editor.default\">\n\t\t\t\t<div class=\"elementor-widget-container\">\n\t\t\t<style>\/*! elementor - v3.11.3 - 07-03-2023 *\/\n.elementor-widget-text-editor.elementor-drop-cap-view-stacked .elementor-drop-cap{background-color:#818a91;color:#fff}.elementor-widget-text-editor.elementor-drop-cap-view-framed .elementor-drop-cap{color:#818a91;border:3px solid;background-color:transparent}.elementor-widget-text-editor:not(.elementor-drop-cap-view-default) .elementor-drop-cap{margin-top:8px}.elementor-widget-text-editor:not(.elementor-drop-cap-view-default) .elementor-drop-cap-letter{width:1em;height:1em}.elementor-widget-text-editor .elementor-drop-cap{float:left;text-align:center;line-height:1;font-size:50px}.elementor-widget-text-editor .elementor-drop-cap-letter{display:inline-block}<\/style>\t\t\t\t<p><span style=\"color: #2b2b2b;\">Mit den seit Beginn der Produktionst\u00e4tigkeit get\u00e4tigten Investitionen und den erfolgreichen Marketingstrategien hat sich MNF Plastik in kurzer Zeit einen festen Platz in der Branche erobert.<\/span><\/p>\n<p><span style=\"color: #2b2b2b;\">Wir setzen unsere Aktivit\u00e4ten in der organisierten Industriezone Mimarsinan auf einer Gesamtfl\u00e4che von 20.000 m2 fort, von denen 6.000 m2 geschlossen sind. Mit unseren fast 40 Maschinenparks haben wir uns auf die Herstellung von technischen Profilen und Teilen spezialisiert. Gleichzeitig wachsen wir als vollintegrierter Betrieb weiter, indem wir unsere eigenen Maschinen und Formen herstellen. <\/span><\/p>\n<p><span style=\"color: #2b2b2b;\">Mit unserem Qualit\u00e4tsverst\u00e4ndnis und unseren Forschungs- und Entwicklungsaktivit\u00e4ten setzen wir unseren Weg als angesehenstes Unternehmen unserer Branche fort. Unser Unternehmen; Aufgrund seiner jungen und dynamischen Struktur, seiner Anpassungsf\u00e4higkeit an technologische Entwicklungen und Innovationen und unserer F\u00e4higkeit, mit verschiedenen Sektoren zu kommunizieren, setzen wir unsere Investitionen fort, ohne nachzulassen. <\/span><\/p>\n<p><span style=\"color: #2b2b2b;\">Wir schreiben weiterhin neue Geschichten, indem wir unser Produktionsleben, das wir mit der Herstellung von Kunststoffprofilen begonnen haben, um Kunststoffteile, zweifarbige Kantenb\u00e4nder, Griffe, medizinische Teile und Verbundmaterialien erweitern.<\/span><\/p>\n\t\t\t\t\t\t<\/div>\n\t\t\t\t<\/div>\n\t\t\t\t\t<\/div>\n\t\t<\/div>\n\t\t\t\t<div class=\"elementor-column elementor-col-50 elementor-top-column elementor-element elementor-element-af8afb0\" data-id=\"af8afb0\" data-element_type=\"column\">\n\t\t\t<div class=\"elementor-widget-wrap elementor-element-populated\">\n\t\t\t\t\t\t\t\t<div class=\"elementor-element elementor-element-fe6e00d elementor-widget elementor-widget-spacer\" data-id=\"fe6e00d\" data-element_type=\"widget\" data-widget_type=\"spacer.default\">\n\t\t\t\t<div class=\"elementor-widget-container\">\n\t\t\t<style>\/*! elementor - v3.11.3 - 07-03-2023 *\/\n.elementor-column .elementor-spacer-inner{height:var(--spacer-size)}.e-con{--container-widget-width:100%}.e-con-inner>.elementor-widget-spacer,.e-con>.elementor-widget-spacer{width:var(--container-widget-width,var(--spacer-size));--align-self:var(--container-widget-align-self,initial);--flex-shrink:0}.e-con-inner>.elementor-widget-spacer>.elementor-widget-container,.e-con-inner>.elementor-widget-spacer>.elementor-widget-container>.elementor-spacer,.e-con>.elementor-widget-spacer>.elementor-widget-container,.e-con>.elementor-widget-spacer>.elementor-widget-container>.elementor-spacer{height:100%}.e-con-inner>.elementor-widget-spacer>.elementor-widget-container>.elementor-spacer>.elementor-spacer-inner,.e-con>.elementor-widget-spacer>.elementor-widget-container>.elementor-spacer>.elementor-spacer-inner{height:var(--container-widget-height,var(--spacer-size))}<\/style>\t\t<div class=\"elementor-spacer\">\n\t\t\t<div class=\"elementor-spacer-inner\"><\/div>\n\t\t<\/div>\n\t\t\t\t<\/div>\n\t\t\t\t<\/div>\n\t\t\t\t<div class=\"elementor-element elementor-element-683a92f elementor-widget elementor-widget-image\" data-id=\"683a92f\" data-element_type=\"widget\" data-widget_type=\"image.default\">\n\t\t\t\t<div class=\"elementor-widget-container\">\n\t\t\t<style>\/*! elementor - v3.11.3 - 07-03-2023 *\/\n.elementor-widget-image{text-align:center}.elementor-widget-image a{display:inline-block}.elementor-widget-image a img[src$=\".svg\"]{width:48px}.elementor-widget-image img{vertical-align:middle;display:inline-block}<\/style>\t\t\t\t\t\t\t\t\t\t\t\t<img loading=\"lazy\" decoding=\"async\" width=\"1024\" height=\"683\" src=\"https:\/\/mnfplastik.com\/wp-content\/uploads\/2022\/04\/mnf-bayrak-1024x683.jpg\" class=\"attachment-large size-large wp-image-8820\" alt=\"\" srcset=\"https:\/\/mnfplastik.com\/wp-content\/uploads\/2022\/04\/mnf-bayrak-1024x683.jpg 1024w, https:\/\/mnfplastik.com\/wp-content\/uploads\/2022\/04\/mnf-bayrak-300x200.jpg 300w, https:\/\/mnfplastik.com\/wp-content\/uploads\/2022\/04\/mnf-bayrak-768x512.jpg 768w, https:\/\/mnfplastik.com\/wp-content\/uploads\/2022\/04\/mnf-bayrak-1536x1024.jpg 1536w, https:\/\/mnfplastik.com\/wp-content\/uploads\/2022\/04\/mnf-bayrak-900x600.jpg 900w, https:\/\/mnfplastik.com\/wp-content\/uploads\/2022\/04\/mnf-bayrak.jpg 1800w\" sizes=\"(max-width: 1024px) 100vw, 1024px\" \/>\t\t\t\t\t\t\t\t\t\t\t\t\t\t\t<\/div>\n\t\t\t\t<\/div>\n\t\t\t\t\t<\/div>\n\t\t<\/div>\n\t\t\t\t\t\t\t<\/div>\n\t\t<\/section>\n\t\t\t\t<section class=\"elementor-section elementor-top-section elementor-element elementor-element-03231e9 elementor-section-boxed elementor-section-height-default elementor-section-height-default\" data-id=\"03231e9\" data-element_type=\"section\">\n\t\t\t\t\t\t<div class=\"elementor-container elementor-column-gap-default\">\n\t\t\t\t\t<div class=\"elementor-column elementor-col-50 elementor-top-column elementor-element elementor-element-02a39a3\" data-id=\"02a39a3\" data-element_type=\"column\">\n\t\t\t<div class=\"elementor-widget-wrap elementor-element-populated\">\n\t\t\t\t\t\t\t\t<div class=\"elementor-element elementor-element-e6f59fa elementor-widget elementor-widget-text-editor\" data-id=\"e6f59fa\" data-element_type=\"widget\" data-widget_type=\"text-editor.default\">\n\t\t\t\t<div class=\"elementor-widget-container\">\n\t\t\t\t\t\t\t<blockquote>\n<p><strong>UNSERE AUFGABE<\/strong><\/p>\n<p>Mit unseren Forschungs- und Entwicklungsaktivit\u00e4ten sollen Weltklasse-Produkte in \u00dcbereinstimmung mit den unterschiedlichen Anforderungen und Bed\u00fcrfnissen unserer Kunden und in \u00dcbereinstimmung mit Weltstandards geschaffen und produziert werden.<\/p>\n<\/blockquote>\n\t\t\t\t\t\t<\/div>\n\t\t\t\t<\/div>\n\t\t\t\t\t<\/div>\n\t\t<\/div>\n\t\t\t\t<div class=\"elementor-column elementor-col-50 elementor-top-column elementor-element elementor-element-b2c9059\" data-id=\"b2c9059\" data-element_type=\"column\">\n\t\t\t<div class=\"elementor-widget-wrap elementor-element-populated\">\n\t\t\t\t\t\t\t\t<div class=\"elementor-element elementor-element-b890907 elementor-widget elementor-widget-text-editor\" data-id=\"b890907\" data-element_type=\"widget\" data-widget_type=\"text-editor.default\">\n\t\t\t\t<div class=\"elementor-widget-container\">\n\t\t\t\t\t\t\t<blockquote>\n<p><strong>UNSERE VISION<\/strong><\/p>\n<p>Kontinuierliche Steigerung unserer Produktqualit\u00e4t durch Verfolgung von Innovationen und Entwicklungen. Dar\u00fcber hinaus bieten wir unseren Kunden mit unseren neuen Produkten den besten Service.<\/p>\n<\/blockquote>\n\t\t\t\t\t\t<\/div>\n\t\t\t\t<\/div>\n\t\t\t\t\t<\/div>\n\t\t<\/div>\n\t\t\t\t\t\t\t<\/div>\n\t\t<\/section>\n\t\t\t\t\t\t\t<\/div>\n\t\t","protected":false},"excerpt":{"rendered":"<p>Uber uns Mit den seit Beginn der Produktionst\u00e4tigkeit get\u00e4tigten Investitionen und den erfolgreichen Marketingstrategien hat sich MNF Plastik in kurzer Zeit einen festen Platz in der Branche erobert. Wir setzen unsere Aktivit\u00e4ten in der organisierten Industriezone Mimarsinan auf einer Gesamtfl\u00e4che von 20.000 m2 fort, von denen 6.000 m2 geschlossen sind. Mit unseren fast 40 Maschinenparks<\/p>\n","protected":false},"author":5,"featured_media":0,"parent":0,"menu_order":0,"comment_status":"closed","ping_status":"closed","template":"","meta":{"footnotes":""},"_links":{"self":[{"href":"https:\/\/mnfplastik.com\/de\/wp-json\/wp\/v2\/pages\/10120"}],"collection":[{"href":"https:\/\/mnfplastik.com\/de\/wp-json\/wp\/v2\/pages"}],"about":[{"href":"https:\/\/mnfplastik.com\/de\/wp-json\/wp\/v2\/types\/page"}],"author":[{"embeddable":true,"href":"https:\/\/mnfplastik.com\/de\/wp-json\/wp\/v2\/users\/5"}],"replies":[{"embeddable":true,"href":"https:\/\/mnfplastik.com\/de\/wp-json\/wp\/v2\/comments?post=10120"}],"version-history":[{"count":0,"href":"https:\/\/mnfplastik.com\/de\/wp-json\/wp\/v2\/pages\/10120\/revisions"}],"wp:attachment":[{"href":"https:\/\/mnfplastik.com\/de\/wp-json\/wp\/v2\/media?parent=10120"}],"curies":[{"name":"wp","href":"https:\/\/api.w.org\/{rel}","templated":true}]}}