{"id":10102,"date":"2022-09-19T11:07:33","date_gmt":"2022-09-19T11:07:33","guid":{"rendered":"https:\/\/mnfplastik.com\/%d0%b1%d0%bb%d0%be%d0%b3\/"},"modified":"2023-02-08T06:35:42","modified_gmt":"2023-02-08T06:35:42","slug":"%d0%b1%d0%bb%d0%be%d0%b3","status":"publish","type":"page","link":"https:\/\/mnfplastik.com\/ru\/%d0%b1%d0%bb%d0%be%d0%b3\/","title":{"rendered":"\u0431\u043b\u043e\u0433"},"content":{"rendered":"\t\t<div data-elementor-type=\"wp-page\" data-elementor-id=\"10102\" class=\"elementor elementor-10102 elementor-8635\">\n\t\t\t\t\t\t\t\t\t<section class=\"elementor-section elementor-top-section elementor-element elementor-element-4bf6681 elementor-section-boxed elementor-section-height-default elementor-section-height-default\" data-id=\"4bf6681\" data-element_type=\"section\">\n\t\t\t\t\t\t<div class=\"elementor-container elementor-column-gap-default\">\n\t\t\t\t\t<div class=\"elementor-column elementor-col-100 elementor-top-column elementor-element elementor-element-81927c7\" data-id=\"81927c7\" data-element_type=\"column\">\n\t\t\t<div class=\"elementor-widget-wrap elementor-element-populated\">\n\t\t\t\t\t\t\t\t<div class=\"elementor-element elementor-element-895961e elementor-widget elementor-widget-stm_news\" data-id=\"895961e\" data-element_type=\"widget\" data-widget_type=\"stm_news.default\">\n\t\t\t\t<div class=\"elementor-widget-container\">\n\t\t\t\n\n    <div class=\"stm_news  consulting_elementor_posts\">\n        <ul class=\"news_list posts_per_row_4\">\n\n            \n                <li>\n                    <div class=\"post_inner\">\n                                                                                                                        <div class=\"image\">\n                                        <a href=\"https:\/\/mnfplastik.com\/ru\/konsept-dekoratif-profil-nedir\/\">\n                                            <img src='https:\/\/mnfplastik.com\/wp-content\/uploads\/2023\/01\/Konsept-Dekoratif-Profil-Nedir-350x250.jpg' alt='' \/>                                        <\/a>\n                                    <\/div>\n                                                                                                                        <div class=\"stm_news_unit-block\">\n                                    <h5 class=\"no_stripe\"><a href=\"https:\/\/mnfplastik.com\/ru\/konsept-dekoratif-profil-nedir\/\">Konsept Dekoratif Profil Nedir?<\/a>\n                                    <\/h5>\n\n                                                                            <div class=\"stm_the_excerpt\">\n                                            <p>Ev ve i\u015f yerlerinde hem dekorasyona katk\u0131 sa\u011flamas\u0131 hem de i\u015flevsellik sunmas\u0131 amac\u0131yla kullan\u0131lan dekoratif profil \u00e7e\u015fitleri farkl\u0131 ama\u00e7lara uygun olacak \u015fekilde \u00fcretilmektedir.\u00a0 Konsept dekoratif profil \u00e7e\u015fitleri aras\u0131nda yer alan k\u00f6\u015fe profilleri; modern tasar\u0131m binalarda al\u00e7\u0131 s\u0131va ve al\u00e7\u0131 tavan uygulamalar\u0131 i\u00e7in k\u00f6\u015felerin zarar g\u00f6rmesine engel olmak ve daha estetik bir g\u00f6r\u00fcn\u00fcm elde etmek amac\u0131yla<\/p>\n                                        <\/div>\n                                                                                                                <div class=\"date\">\n                                                                                            <span class=\"the_date\">6 \u044f\u043d\u0432\u0430\u0440\u044f, 2023<\/span>\n                                                                                                                                    <a href=\"https:\/\/mnfplastik.com\/ru\/konsept-dekoratif-profil-nedir\/\"\n                                               class=\"button size-lg hidden\">Read more<\/a>\n                                        <\/div>\n                                                                    <\/div>\n                                                                        <\/div>\n                <\/li>\n                    <\/ul>\n    <\/div>\n\t\t<\/div>\n\t\t\t\t<\/div>\n\t\t\t\t\t<\/div>\n\t\t<\/div>\n\t\t\t\t\t\t\t<\/div>\n\t\t<\/section>\n\t\t\t\t\t\t\t<\/div>\n\t\t","protected":false},"excerpt":{"rendered":"<p>Konsept Dekoratif Profil Nedir? Ev ve i\u015f yerlerinde hem dekorasyona katk\u0131 sa\u011flamas\u0131 hem de i\u015flevsellik sunmas\u0131 amac\u0131yla kullan\u0131lan dekoratif profil \u00e7e\u015fitleri farkl\u0131 ama\u00e7lara uygun olacak \u015fekilde \u00fcretilmektedir.\u00a0 Konsept dekoratif profil \u00e7e\u015fitleri aras\u0131nda yer alan k\u00f6\u015fe profilleri; modern tasar\u0131m binalarda al\u00e7\u0131 s\u0131va ve al\u00e7\u0131 tavan uygulamalar\u0131 i\u00e7in k\u00f6\u015felerin zarar g\u00f6rmesine engel olmak ve daha estetik bir<\/p>\n","protected":false},"author":5,"featured_media":0,"parent":0,"menu_order":0,"comment_status":"closed","ping_status":"closed","template":"","meta":{"footnotes":""},"rankMath":{"parentDomain":"mnfplastik.com","noFollowDomains":[],"noFollowExcludeDomains":[],"noFollowExternalLinks":false,"featuredImageNotice":"\u041f\u043e\u043a\u0430\u0437\u0430\u043d\u043d\u043e\u0435 \u0438\u0437\u043e\u0431\u0440\u0430\u0436\u0435\u043d\u0438\u0435 \u0434\u043e\u043b\u0436\u043d\u043e \u0431\u044b\u0442\u044c \u0440\u0430\u0437\u043c\u0435\u0440\u043e\u043c \u043d\u0435 \u043c\u0435\u043d\u0435\u0435 200 \u043d\u0430 200 \u043f\u0438\u043a\u0441\u0435\u043b\u0435\u0439, \u0447\u0442\u043e\u0431\u044b \u0435\u0433\u043e \u043c\u043e\u0433\u043b\u0438 \u0443\u0432\u0438\u0434\u0435\u0442\u044c Facebook \u0438 \u0434\u0440\u0443\u0433\u0438\u0435 \u0441\u0430\u0439\u0442\u044b \u0441\u043e\u0446\u0438\u0430\u043b\u044c\u043d\u044b\u0445 \u0441\u0435\u0442\u0435\u0439.","pluginReviewed":false,"postSettings":{"linkSuggestions":true,"useFocusKeyword":false},"frontEndScore":false,"postName":"konsept-dekoratif-profil-nedir","permalinkFormat":"https:\/\/mnfplastik.com\/ru\/%postname%\/","showLockModifiedDate":true,"assessor":{"focusKeywordLink":"https:\/\/mnfplastik.com\/wp-admin\/edit.php?focus_keyword=%focus_keyword%&post_type=%post_type%","hasTOCPlugin":false,"primaryTaxonomy":false,"serpData":{"title":"Konsept Dekoratif Profil Nedir? | mnfplastik.com","description":"Dekorasyona katk\u0131s\u0131 ve i\u015flevsellik sunmas\u0131 amac\u0131yla kullan\u0131lan dekoratif profil \u00e7e\u015fitleri farkl\u0131 ama\u00e7lara uygun olacak \u015fekilde \u00fcretilmektedir.","focusKeywords":"Konsept Dekoratif Profil Nedir","pillarContent":false,"canonicalUrl":"","breadcrumbTitle":"","advancedRobots":[],"facebookTitle":"","facebookDescription":"","facebookImage":"","facebookImageID":"","facebookHasOverlay":false,"facebookImageOverlay":"","facebookAuthor":"","twitterCardType":"","twitterUseFacebook":true,"twitterTitle":"","twitterDescription":"","twitterImage":"","twitterImageID":"","twitterHasOverlay":false,"twitterImageOverlay":"","twitterPlayerUrl":"","twitterPlayerSize":"","twitterPlayerStream":"","twitterPlayerStreamCtype":"","twitterAppDescription":"","twitterAppIphoneName":"","twitterAppIphoneID":"","twitterAppIphoneUrl":"","twitterAppIpadName":"","twitterAppIpadID":"","twitterAppIpadUrl":"","twitterAppGoogleplayName":"","twitterAppGoogleplayID":"","twitterAppGoogleplayUrl":"","twitterAppCountry":"","robots":{"index":true},"twitterAuthor":"\u0438\u043c\u044f \u043f\u043e\u043b\u044c\u0437\u043e\u0432\u0430\u0442\u0435\u043b\u044f","primaryTerm":0,"authorName":"admin","titleTemplate":"%title% %page% %sep% %sitename%","descriptionTemplate":"","showScoreFrontend":true,"lockModifiedDate":false},"powerWords":[],"diacritics":{"A":"[\\u0410\\u0430]","B":"[\\u0411\\u0431]","V":"[\\u0412\\u0432]","G":"[\\u0413\\u0433]","D":"[\\u0414\\u0434]","YE":"[\\u0415\\u0435]","YO":"[\\u0401\\u0451]","ZH":"[\\u0416\\u0436]","Z":"[\\u0417\\u0437]","EE":"[\\u0418\\u0438]","YI":"[\\u0419\\u0439]","K":"[\\u041A\\u043A]","L":"[\\u041B\\u043B]","M":"[\\u041C\\u043c]","P":"[\\u041F\\u043F]","T":"[\\u0422\\u0442]","U":"[\\u0423\\u0443]","F":"[\\u0424\\u0444]","H":"[\\u0425\\u0445]","TS":"[\\u0426\\u0446]","CH":"[\\u0427\\u0447]","SH":"[\\u0428\\u0448\\u0429\\u0449]","I":"[\\u042B\\u044B]","E":"[\\u042D\\u044D]","YU":"[\\u042E\\u044E]","YA":"[\\u042F\\u044F]","N":"[\\u041D\\u043D]"},"researchesTests":["contentHasTOC","contentHasShortParagraphs","contentHasAssets","keywordInTitle","keywordInMetaDescription","keywordInPermalink","keywordIn10Percent","keywordInContent","keywordInSubheadings","keywordInImageAlt","keywordDensity","keywordNotUsed","lengthContent","lengthPermalink","linksHasInternal","linksHasExternals","linksNotAllExternals","titleStartWithKeyword","titleSentiment","titleHasPowerWords","titleHasNumber","hasContentAI"],"hasRedirection":true,"hasBreadcrumb":true},"homeUrl":"https:\/\/mnfplastik.com\/ru\/","objectID":10162,"objectType":"post","locale":"ru","localeFull":"ru_RU","overlayImages":{"play":{"name":"Play \u0438\u043a\u043e\u043d\u043a\u0430","url":"https:\/\/mnfplastik.com\/wp-content\/plugins\/seo-by-rank-math\/assets\/admin\/img\/icon-play.png","path":"\/var\/www\/vhosts\/mnfplastik.com\/httpdocs\/wp-content\/plugins\/seo-by-rank-math\/assets\/admin\/img\/icon-play.png","position":"middle_center"},"gif":{"name":"GIF \u0438\u043a\u043e\u043d\u043a\u0430","url":"https:\/\/mnfplastik.com\/wp-content\/plugins\/seo-by-rank-math\/assets\/admin\/img\/icon-gif.png","path":"\/var\/www\/vhosts\/mnfplastik.com\/httpdocs\/wp-content\/plugins\/seo-by-rank-math\/assets\/admin\/img\/icon-gif.png","position":"middle_center"}},"defautOgImage":"https:\/\/mnfplastik.com\/wp-content\/plugins\/seo-by-rank-math\/assets\/admin\/img\/social-placeholder.jpg","customPermalinks":true,"isUserRegistered":false,"autoSuggestKeywords":false,"connectSiteUrl":"https:\/\/rankmath.com\/auth?site=https%3A%2F%2Fmnfplastik.com%2Fru%2F&r=https%3A%2F%2Fmnfplastik.com%2Fru%2Fwp-json%2Fwp%2Fv2%2Fpages%2F10102%3Fnonce%3Dadb9473776","maxTags":5,"trendsIcon":"<svg viewBox=\"0 0 610 610\"><path d=\"M18.85,446,174.32,290.48l58.08,58.08L76.93,504a14.54,14.54,0,0,1-20.55,0L18.83,466.48a14.54,14.54,0,0,1,0-20.55Z\" style=\"fill:#4285f4\"\/><path d=\"M242.65,242.66,377.59,377.6l-47.75,47.75a14.54,14.54,0,0,1-20.55,0L174.37,290.43l47.75-47.75A14.52,14.52,0,0,1,242.65,242.66Z\" style=\"fill:#ea4335\"\/><polygon points=\"319.53 319.53 479.26 159.8 537.34 217.88 377.61 377.62 319.53 319.53\" style=\"fill:#fabb05\"\/><path d=\"M594.26,262.73V118.61h0a16.94,16.94,0,0,0-16.94-16.94H433.2a16.94,16.94,0,0,0-12,28.92L565.34,274.71h0a16.94,16.94,0,0,0,28.92-12Z\" style=\"fill:#34a853\"\/><rect width=\"610\" height=\"610\" style=\"fill:none\"\/><\/svg>","showScore":true,"siteFavIcon":"https:\/\/mnfplastik.com\/wp-content\/uploads\/2022\/04\/favicon-50x50.jpg","canUser":{"general":false,"advanced":false,"snippet":false,"social":false,"analysis":false,"analytics":false,"content_ai":false},"showKeywordIntent":true,"isPro":false,"is_front_page":false,"trendsUpgradeLink":"https:\/\/rankmath.com\/pricing\/?utm_source=Plugin&utm_medium=CE%20General%20Tab%20Trends&utm_campaign=WP","trendsUpgradeLabel":"\u0410\u043f\u0433\u0440\u0435\u0439\u0434","trendsPreviewImage":"https:\/\/mnfplastik.com\/wp-content\/plugins\/seo-by-rank-math\/assets\/admin\/img\/trends-preview.jpg","currentEditor":false,"homepageData":{"assessor":{"powerWords":[],"diacritics":true,"researchesTests":["contentHasTOC","contentHasShortParagraphs","contentHasAssets","keywordInTitle","keywordInMetaDescription","keywordInPermalink","keywordIn10Percent","keywordInContent","keywordInSubheadings","keywordInImageAlt","keywordDensity","keywordNotUsed","lengthContent","lengthPermalink","linksHasInternal","linksHasExternals","linksNotAllExternals","titleStartWithKeyword","titleSentiment","titleHasPowerWords","titleHasNumber","hasContentAI"],"hasBreadcrumb":true,"serpData":{"title":"%sitename% %page% %sep% %sitedesc%","description":"","titleTemplate":"%sitename% %page% %sep% %sitedesc%","descriptionTemplate":"","focusKeywords":"","breadcrumbTitle":"Anasayfa","robots":{"index":true},"advancedRobots":[],"facebookTitle":"","facebookDescription":"","facebookImage":"","facebookImageID":""}}},"tocTitle":"Table of Contents","tocExcludeHeadings":[],"listStyle":"ul"},"_links":{"self":[{"href":"https:\/\/mnfplastik.com\/ru\/wp-json\/wp\/v2\/pages\/10102"}],"collection":[{"href":"https:\/\/mnfplastik.com\/ru\/wp-json\/wp\/v2\/pages"}],"about":[{"href":"https:\/\/mnfplastik.com\/ru\/wp-json\/wp\/v2\/types\/page"}],"author":[{"embeddable":true,"href":"https:\/\/mnfplastik.com\/ru\/wp-json\/wp\/v2\/users\/5"}],"replies":[{"embeddable":true,"href":"https:\/\/mnfplastik.com\/ru\/wp-json\/wp\/v2\/comments?post=10102"}],"version-history":[{"count":0,"href":"https:\/\/mnfplastik.com\/ru\/wp-json\/wp\/v2\/pages\/10102\/revisions"}],"wp:attachment":[{"href":"https:\/\/mnfplastik.com\/ru\/wp-json\/wp\/v2\/media?parent=10102"}],"curies":[{"name":"wp","href":"https:\/\/api.w.org\/{rel}","templated":true}]}}